{"id":6528,"date":"2020-04-14T17:33:04","date_gmt":"2020-04-14T15:33:04","guid":{"rendered":"https:\/\/draufblick.org\/?page_id=6528"},"modified":"2020-09-29T13:03:41","modified_gmt":"2020-09-29T11:03:41","slug":"ziele","status":"publish","type":"page","link":"https:\/\/draufblick.org\/index.php\/ziele\/","title":{"rendered":"ZIELE"},"content":{"rendered":"<div class=\"wpb-content-wrapper\"><p>[vc_row css=&#8220;.vc_custom_1590935776277{background-color: #ffffff !important;}&#8220;][vc_column css=&#8220;.vc_custom_1591900731830{padding-top: 20px !important;}&#8220;][vc_single_image image=&#8220;6693&#8243; img_size=&#8220;400&#215;400&#8243; alignment=&#8220;center&#8220; css_animation=&#8220;zoomIn&#8220; css=&#8220;.vc_custom_1592231339335{padding-top: 30px !important;padding-right: 30px !important;padding-bottom: 20px !important;padding-left: 30px !important;background-color: #f4b7a1 !important;}&#8220;]<div class=\"mkdf-elements-holder   mkdf-one-column  mkdf-responsive-mode-768 \" ><div class=\"mkdf-eh-item    \"  data-item-class=\"mkdf-eh-custom-6245\" data-1367-1600=\"130px 17.7% 120px\" data-1025-1366=\"115px 14% 100px\" data-769-1024=\"90px 11.2% 100px\" data-681-768=\"83px 9% 35px\" data-680=\"62px 5% 22px 5%\">\n\t<div class=\"mkdf-eh-item-inner\">\n\t\t<div class=\"mkdf-eh-item-content mkdf-eh-custom-6245\" style=\"padding: 115px 17.7% 120px\">\n\t\t\t<div class=\"mkdf-section-title-holder  mkdf-st-standard mkdf-st-title-left mkdf-st-normal-space \" style=\"text-align: left\">\n\t<div class=\"mkdf-st-inner\">\n\t\t\t\t\t<h2 class=\"mkdf-st-title\" style=\"color: #0000000\">\n\t\t\t\tWo wollen wir hin?\t\t\t<\/h2>\n\t\t\t\t\t<\/div>\n<\/div>[vc_empty_space height=&#8220;20px&#8220;][vc_column_text css=&#8220;.vc_custom_1601297875975{padding-right: 10px !important;}&#8220;]<span style=\"color: #808080;\">Einige Ver\u00e4nderungen und Herausforderungen unserer Zeit sind oft nicht mehr begreifbar f\u00fcr die Menschen. Das betrifft z.B. den Struktur- und Mobilit\u00e4tswandel, die Klimakrise, das Grundeinkommen, das Automationsrisiko und vieles mehr. Radikale L\u00f6sungen erfordern ein ganz neues Denken und Handeln. Vorhandene Denk- und L\u00f6sungsmuster passen nicht mehr.<\/span><\/p>\n<p><span style=\"color: #808080;\">Technische Auseinandersetzung und gesellschaftliche Fragestellungen bzgl. Digitalisierung werden h\u00e4ufig getrennt voneinander beforscht. Wir gehen der Frage nach, wie ein lebendiger, kontinuierlicher Dialog zwischen Forschung, Verb\u00e4nden, Industrieunternehmen und Kunst aussehen kann.<\/span><\/p>\n<p><span style=\"color: #808080;\">Durch intermediale k\u00fcnstlerische Reflektionen r\u00fccken hierbei im Besonderen Fragestellungen der Digitalisierung in den Fokus. <b>Unser Ziel ist es, Arbeitsweisen und in der Gesellschaft polarisierende<\/b> <b>Sachverhalte darzustellen und zu untersuchen, um dadurch auch eine Inspirationsquelle <\/b><strong>zur Zukunft der Arbeit zu sein.<\/strong><\/span><\/p>\n<p><span style=\"color: #808080;\">Durch das Abschauen von Vorgehensweisen, Denkmustern und Geisteshaltungen von K\u00fcnstlern wollen wir neue Formate, Seminare und Methoden erarbeiten, welche Unternehmen dabei helfen, die Kreativit\u00e4t zu erh\u00f6hen, ihre Mitarbeiter zu begeistern und neugierig zu machen.<\/span>[\/vc_column_text][vc_empty_space height=&#8220;20px&#8220;]\t\t<\/div>\n\t<\/div>\n<\/div><\/div>[\/vc_column][\/vc_row][vc_row][vc_column][vc_single_image image=&#8220;6919&#8243; img_size=&#8220;2500&#215;1000&#8243; alignment=&#8220;right&#8220; css_animation=&#8220;zoomIn&#8220;][\/vc_column][\/vc_row]<\/p>\n<\/div>","protected":false},"excerpt":{"rendered":"<p>[vc_row css=&#8220;.vc_custom_1590935776277{background-color: #ffffff !important;}&#8220;][vc_column css=&#8220;.vc_custom_1591900731830{padding-top: 20px !important;}&#8220;][vc_single_image image=&#8220;6693&#8243; img_size=&#8220;400&#215;400&#8243; alignment=&#8220;center&#8220; css_animation=&#8220;zoomIn&#8220; css=&#8220;.vc_custom_1592231339335{padding-top: 30px !important;padding-right: 30px !important;padding-bottom: 20px !important;padding-left: 30px !important;background-color: #f4b7a1 !important;}&#8220;][\/vc_column][\/vc_row][vc_row][vc_column][vc_single_image image=&#8220;6919&#8243; img_size=&#8220;2500&#215;1000&#8243; alignment=&#8220;right&#8220; css_animation=&#8220;zoomIn&#8220;][\/vc_column][\/vc_row]<\/p>\n","protected":false},"author":1,"featured_media":0,"parent":0,"menu_order":0,"comment_status":"closed","ping_status":"closed","template":"full-width.php","meta":{"footnotes":""},"class_list":["post-6528","page","type-page","status-publish","hentry"],"_links":{"self":[{"href":"https:\/\/draufblick.org\/index.php\/wp-json\/wp\/v2\/pages\/6528","targetHints":{"allow":["GET"]}}],"collection":[{"href":"https:\/\/draufblick.org\/index.php\/wp-json\/wp\/v2\/pages"}],"about":[{"href":"https:\/\/draufblick.org\/index.php\/wp-json\/wp\/v2\/types\/page"}],"author":[{"embeddable":true,"href":"https:\/\/draufblick.org\/index.php\/wp-json\/wp\/v2\/users\/1"}],"replies":[{"embeddable":true,"href":"https:\/\/draufblick.org\/index.php\/wp-json\/wp\/v2\/comments?post=6528"}],"version-history":[{"count":34,"href":"https:\/\/draufblick.org\/index.php\/wp-json\/wp\/v2\/pages\/6528\/revisions"}],"predecessor-version":[{"id":7921,"href":"https:\/\/draufblick.org\/index.php\/wp-json\/wp\/v2\/pages\/6528\/revisions\/7921"}],"wp:attachment":[{"href":"https:\/\/draufblick.org\/index.php\/wp-json\/wp\/v2\/media?parent=6528"}],"curies":[{"name":"wp","href":"https:\/\/api.w.org\/{rel}","templated":true}]}}